{"id":1015,"date":"2024-02-06T11:34:02","date_gmt":"2024-02-06T10:34:02","guid":{"rendered":"https:\/\/coi.skarzysko.pl\/www\/?page_id=1015"},"modified":"2024-10-07T14:17:26","modified_gmt":"2024-10-07T12:17:26","slug":"skarzyski-inkubator-przedsiebiorczosci","status":"publish","type":"page","link":"https:\/\/coi.skarzysko.pl\/www\/index.php\/wirtualne-biuro\/skarzyski-inkubator-przedsiebiorczosci\/","title":{"rendered":"Skar\u017cyski Inkubator Przedsi\u0119biorczo\u015bci"},"content":{"rendered":"<p>&nbsp;<\/p>\n<p><img fetchpriority=\"high\" decoding=\"async\" class=\"alignnone size-large wp-image-1605\" src=\"http:\/\/coi.skarzysko.pl\/www\/wp-content\/uploads\/2024\/09\/znaki-1024x133.jpg\" alt=\"\" width=\"800\" height=\"104\" srcset=\"https:\/\/coi.skarzysko.pl\/www\/wp-content\/uploads\/2024\/09\/znaki-1024x133.jpg 1024w, https:\/\/coi.skarzysko.pl\/www\/wp-content\/uploads\/2024\/09\/znaki-300x39.jpg 300w, https:\/\/coi.skarzysko.pl\/www\/wp-content\/uploads\/2024\/09\/znaki-768x100.jpg 768w, https:\/\/coi.skarzysko.pl\/www\/wp-content\/uploads\/2024\/09\/znaki-1536x199.jpg 1536w, https:\/\/coi.skarzysko.pl\/www\/wp-content\/uploads\/2024\/09\/znaki-2048x265.jpg 2048w\" sizes=\"(max-width: 800px) 100vw, 800px\" \/><\/p>\n<p>Skar\u017cyski Inkubator Przedsi\u0119biorczo\u015bci to nowoczesna przestrze\u0144 posta\u0142a z my\u015bl\u0105 o pocz\u0105tkuj\u0105cych przedsi\u0119biorcach z sektora us\u0142ug. Z oferty SIP mog\u0105 skorzysta\u0107 osoby, kt\u00f3re planuj\u0105 rozpocz\u0105\u0107 prowadzenie dzia\u0142alno\u015bci gospodarczej lub kt\u00f3rych firmy istniej\u0105 na rynku nie d\u0142u\u017cej ni\u017c 2 lata. SIP jest cz\u0119\u015bci\u0105 projektu pn. &#8220;Skar\u017cyska Strefa Kreatywnego Biznesu&#8221;, wsp\u00f3\u0142finansowanego z Europejskiego Funduszu Rozwoju Regionalnego w ramach Dzia\u0142ania 2.1 &#8220;Wsparcie \u015bwi\u0119tokrzyskich IOB w celu zwi\u0119kszenia poziomu przedsi\u0119biorczo\u015bci w regionie&#8221;, O\u015b 2 &#8220;Konkurencyjna gospodarka&#8221; Regionalnego Programu Operacyjnego Wojew\u00f3dztwa \u015awi\u0119tokrzyskiego na lata 2014-2020. Celem projektu jest stworzenie pakietu us\u0142ug dla sektora M\u015aP, kt\u00f3ry pozytywnie prze\u0142o\u017cy si\u0119 na wzrost dzia\u0142a\u0144 przedsi\u0119biorczych w regionie.<\/p>\n<p>&nbsp;<\/p>\n<p><strong>Przestrze\u0144, kt\u00f3ra wspiera<\/strong><\/p>\n<p>Aby m\u00f3c w pe\u0142ni skupi\u0107 si\u0119 na rozwijaniu w\u0142asnej firmy Najemca otrzyma na start nowoczesne i w pe\u0142ni umeblowane biuro wyposa\u017cone w sprz\u0119t komputerowy.<\/p>\n<p>W celu odbycia spotka\u0144 biznesowych Najemca mo\u017ce korzysta\u0107 z profesjonalnej sali konferencyjnej, mog\u0105cej pomie\u015bci\u0107 nawet 60 os\u00f3b.<\/p>\n<p>Dodatkowo do dyspozycji Najemcy jest crazy room &#8211; pok\u00f3j kreatywny, w kt\u00f3rym mo\u017cna zrelaksowa\u0107 si\u0119 lub przedyskutowa\u0107 sw\u00f3j pomys\u0142 przy kawie\/herbacie z innymi Lokatorami SIP.<\/p>\n<p>&nbsp;<\/p>\n<p><strong>Jak zosta\u0107 Lokatorem Skar\u017cyskiego Inkubatora Przedsi\u0119biorczo\u015bci w 3 prostych krokach ?<\/strong><\/p>\n<ol>\n<li>Wype\u0142ni\u0107 <a href=\"http:\/\/coi.skarzysko.pl\/www\/wp-content\/uploads\/2024\/02\/Formularz-aplikacyjny.docx\">Formularz aplikacyjny<\/a><\/li>\n<li>Przynie\u015b formularz do naszej jednostki lub prze\u015blij na adres mailowy: coi@coi.skarzysko.pl.<\/li>\n<li>Z\u0142o\u017cony formularz zostanie poddany ocenie przez Rad\u0119 Programow\u0105 SIP, kt\u00f3ra wyda rekomendacj\u0119 co mo\u017cliwo\u015bci inkubacji. W przypadku uzyskania pozytywnej opinii nast\u0105pi podpisanie umowy.<\/li>\n<\/ol>\n<p>&nbsp;<\/p>\n<p>Wymagane dokumenty przy sk\u0142adaniu aplikacji do Skar\u017cyskiego Inkubatora Przedsi\u0119biorczo\u015bci:<\/p>\n<p><strong>Podmioty prowadz\u0105ce dzia\u0142alno\u015b\u0107 gospodarcz\u0105<\/strong><\/p>\n<ol>\n<li>Formularz aplikacyjny<\/li>\n<li>Dow\u00f3d rejestracji dzia\u0142alno\u015bci gospodarczej w odpowiednim rejestrze (KRS lub za\u015bwiadczenie o wpisie do CEIDG) &#8211; wydruk lub kopia.<\/li>\n<li>Dokument potwierdzaj\u0105cy nadanie numeru statystycznego REGON (kopia).<\/li>\n<li>O\u015bwiadczenie o niezaleganiu w p\u0142atno\u015bci danin, op\u0142at i sk\u0142adek o charakterze obowi\u0105zkowym <a href=\"http:\/\/coi.skarzysko.pl\/www\/wp-content\/uploads\/2024\/10\/SIP-2.-Zacznik-nr-2-Owiadczenie-o-niezaleganiu-z-opatami-danin-publicznych-FINAL.docx\">Za\u0142\u0105cznik nr 2 &#8211; O\u015bwiadczenie o niezaleganiu z opatami danin publicznych<\/a>.<\/li>\n<li>O\u015bwiadczenie o otrzymanej pomocy de minimis <a href=\"http:\/\/coi.skarzysko.pl\/www\/wp-content\/uploads\/2024\/10\/SIP-3.-Zacznik-nr-3-Owiadczenie-o-otrzymanej-pomocy-de-minimis-FINAL.doc\">Za\u0142\u0105cznik nr 3 &#8211; O\u015bwiadczenie o otrzymanej pomocy de minimis<\/a>.<\/li>\n<li>Formularz informacji przedstawianych przy ubieganiu si\u0119 o pomoc de minimis <a href=\"http:\/\/coi.skarzysko.pl\/www\/wp-content\/uploads\/2024\/10\/SIP-4.-Zacznik-nr-4-Formularz-informacji-przedstawianych-przy-ubieganiu-si-o-pomoc-de-minimis-FINAL.xlsx\">Za\u0142\u0105cznik nr 4 &#8211; Formularz informacji przedstawianych przy ubieganiu si o pomoc de minimis<\/a><\/li>\n<\/ol>\n<p>&nbsp;<\/p>\n<p><strong>Osoby fizyczne zamierzaj\u0105ce rozpocz\u0105\u0107 prowadzenie dzia\u0142alno\u015bci gospodarczej<\/strong><\/p>\n<ol>\n<li>Formularz aplikacyjny.<\/li>\n<li>O\u015bwiadczenie o otrzymanej pomocy de minimis <a href=\"http:\/\/coi.skarzysko.pl\/www\/wp-content\/uploads\/2024\/10\/SIP-3.-Zacznik-nr-3-Owiadczenie-o-otrzymanej-pomocy-de-minimis-FINAL.doc\">Za\u0142\u0105cznik nr 3 &#8211; O\u015bwiadczenie o otrzymanej pomocy de minimis<\/a>.<\/li>\n<li>Formularz informacji przedstawianych przy ubieganiu si\u0119 o pomoc de minimis <a href=\"http:\/\/coi.skarzysko.pl\/www\/wp-content\/uploads\/2024\/10\/SIP-4.-Zacznik-nr-4-Formularz-informacji-przedstawianych-przy-ubieganiu-si-o-pomoc-de-minimis-FINAL.xlsx\">Za\u0142\u0105cznik nr 4 &#8211; Formularz informacji przedstawianych przy ubieganiu si o pomoc de minimis<\/a><\/li>\n<li>O\u015bwiadczenie o nieprowadzeniu dzia\u0142alno\u015bci gospodarczej <a href=\"http:\/\/coi.skarzysko.pl\/www\/wp-content\/uploads\/2024\/10\/SIP-5.-Zacznik-nr-5-Owiadczenie-o-nieprowadzeniu-dziaalnoci.docx\">Za\u0142\u0105cznik nr 5 O\u015bwiadczenie o nieprowadzeniu dzia\u0142alno\u015bci<\/a><\/li>\n<li>O\u015bwiadczenie o planowanym miejscu zarejestrowania dzia\u0142alno\u015bci gospodarczej <a href=\"http:\/\/coi.skarzysko.pl\/www\/wp-content\/uploads\/2024\/10\/SIP-6.-Zacznik-nr-6-Owiadczenie-o-miejscu-zarejstrowania-dziaanoci-gospodarczej-FINAL.doc\">Za\u0142\u0105cznik nr 6 &#8211; O\u015bwiadczenie o miejscu zarejestrowania dzia\u0142alno\u015bci gospodarczej<\/a><\/li>\n<\/ol>\n<p><img decoding=\"async\" class=\"alignnone size-medium wp-image-1020\" src=\"http:\/\/coi.skarzysko.pl\/www\/wp-content\/uploads\/2024\/02\/DSC_3150-300x217.jpg\" alt=\"\" width=\"300\" height=\"217\" srcset=\"https:\/\/coi.skarzysko.pl\/www\/wp-content\/uploads\/2024\/02\/DSC_3150-300x217.jpg 300w, https:\/\/coi.skarzysko.pl\/www\/wp-content\/uploads\/2024\/02\/DSC_3150-1024x741.jpg 1024w, https:\/\/coi.skarzysko.pl\/www\/wp-content\/uploads\/2024\/02\/DSC_3150-768x556.jpg 768w, https:\/\/coi.skarzysko.pl\/www\/wp-content\/uploads\/2024\/02\/DSC_3150-1536x1112.jpg 1536w, https:\/\/coi.skarzysko.pl\/www\/wp-content\/uploads\/2024\/02\/DSC_3150-2048x1482.jpg 2048w\" sizes=\"(max-width: 300px) 100vw, 300px\" \/>\u00a0<img decoding=\"async\" class=\"alignnone size-medium wp-image-1021\" src=\"http:\/\/coi.skarzysko.pl\/www\/wp-content\/uploads\/2024\/02\/DSC_3151-217x300.jpg\" alt=\"\" width=\"217\" height=\"300\" srcset=\"https:\/\/coi.skarzysko.pl\/www\/wp-content\/uploads\/2024\/02\/DSC_3151-217x300.jpg 217w, https:\/\/coi.skarzysko.pl\/www\/wp-content\/uploads\/2024\/02\/DSC_3151-741x1024.jpg 741w, https:\/\/coi.skarzysko.pl\/www\/wp-content\/uploads\/2024\/02\/DSC_3151-768x1061.jpg 768w, https:\/\/coi.skarzysko.pl\/www\/wp-content\/uploads\/2024\/02\/DSC_3151-1112x1536.jpg 1112w, https:\/\/coi.skarzysko.pl\/www\/wp-content\/uploads\/2024\/02\/DSC_3151-1482x2048.jpg 1482w, https:\/\/coi.skarzysko.pl\/www\/wp-content\/uploads\/2024\/02\/DSC_3151-scaled.jpg 1853w\" sizes=\"(max-width: 217px) 100vw, 217px\" \/> <img loading=\"lazy\" decoding=\"async\" class=\"alignnone size-medium wp-image-1022\" src=\"http:\/\/coi.skarzysko.pl\/www\/wp-content\/uploads\/2024\/02\/DSC_3152-300x217.jpg\" alt=\"\" width=\"300\" height=\"217\" srcset=\"https:\/\/coi.skarzysko.pl\/www\/wp-content\/uploads\/2024\/02\/DSC_3152-300x217.jpg 300w, https:\/\/coi.skarzysko.pl\/www\/wp-content\/uploads\/2024\/02\/DSC_3152-1024x741.jpg 1024w, https:\/\/coi.skarzysko.pl\/www\/wp-content\/uploads\/2024\/02\/DSC_3152-768x556.jpg 768w, https:\/\/coi.skarzysko.pl\/www\/wp-content\/uploads\/2024\/02\/DSC_3152-1536x1112.jpg 1536w, https:\/\/coi.skarzysko.pl\/www\/wp-content\/uploads\/2024\/02\/DSC_3152-2048x1482.jpg 2048w\" sizes=\"(max-width: 300px) 100vw, 300px\" \/> <img loading=\"lazy\" decoding=\"async\" class=\"alignnone size-medium wp-image-1023\" src=\"http:\/\/coi.skarzysko.pl\/www\/wp-content\/uploads\/2024\/02\/DSC_3155-300x217.jpg\" alt=\"\" width=\"300\" height=\"217\" srcset=\"https:\/\/coi.skarzysko.pl\/www\/wp-content\/uploads\/2024\/02\/DSC_3155-300x217.jpg 300w, https:\/\/coi.skarzysko.pl\/www\/wp-content\/uploads\/2024\/02\/DSC_3155-1024x741.jpg 1024w, https:\/\/coi.skarzysko.pl\/www\/wp-content\/uploads\/2024\/02\/DSC_3155-768x556.jpg 768w, https:\/\/coi.skarzysko.pl\/www\/wp-content\/uploads\/2024\/02\/DSC_3155-1536x1112.jpg 1536w, https:\/\/coi.skarzysko.pl\/www\/wp-content\/uploads\/2024\/02\/DSC_3155-2048x1482.jpg 2048w\" sizes=\"(max-width: 300px) 100vw, 300px\" \/> <img loading=\"lazy\" decoding=\"async\" class=\"alignnone size-medium wp-image-1024\" src=\"http:\/\/coi.skarzysko.pl\/www\/wp-content\/uploads\/2024\/02\/DSC_3156-300x217.jpg\" alt=\"\" width=\"300\" height=\"217\" srcset=\"https:\/\/coi.skarzysko.pl\/www\/wp-content\/uploads\/2024\/02\/DSC_3156-300x217.jpg 300w, https:\/\/coi.skarzysko.pl\/www\/wp-content\/uploads\/2024\/02\/DSC_3156-1024x741.jpg 1024w, https:\/\/coi.skarzysko.pl\/www\/wp-content\/uploads\/2024\/02\/DSC_3156-768x556.jpg 768w, https:\/\/coi.skarzysko.pl\/www\/wp-content\/uploads\/2024\/02\/DSC_3156-1536x1112.jpg 1536w, https:\/\/coi.skarzysko.pl\/www\/wp-content\/uploads\/2024\/02\/DSC_3156-2048x1482.jpg 2048w\" sizes=\"(max-width: 300px) 100vw, 300px\" \/><img loading=\"lazy\" decoding=\"async\" class=\"alignnone size-medium wp-image-1025\" src=\"http:\/\/coi.skarzysko.pl\/www\/wp-content\/uploads\/2024\/02\/coi-43-20190905-300x200.jpg\" alt=\"\" width=\"300\" height=\"200\" srcset=\"https:\/\/coi.skarzysko.pl\/www\/wp-content\/uploads\/2024\/02\/coi-43-20190905-300x200.jpg 300w, https:\/\/coi.skarzysko.pl\/www\/wp-content\/uploads\/2024\/02\/coi-43-20190905-1024x683.jpg 1024w, https:\/\/coi.skarzysko.pl\/www\/wp-content\/uploads\/2024\/02\/coi-43-20190905-768x512.jpg 768w, https:\/\/coi.skarzysko.pl\/www\/wp-content\/uploads\/2024\/02\/coi-43-20190905-1536x1024.jpg 1536w, https:\/\/coi.skarzysko.pl\/www\/wp-content\/uploads\/2024\/02\/coi-43-20190905-2048x1365.jpg 2048w\" sizes=\"(max-width: 300px) 100vw, 300px\" \/><\/p>\n","protected":false},"excerpt":{"rendered":"<p>&nbsp; Skar\u017cyski Inkubator Przedsi\u0119biorczo\u015bci to nowoczesna przestrze\u0144 posta\u0142a z my\u015bl\u0105 o pocz\u0105tkuj\u0105cych przedsi\u0119biorcach z sektora us\u0142ug. Z oferty SIP mog\u0105 skorzysta\u0107 osoby, kt\u00f3re planuj\u0105 rozpocz\u0105\u0107 prowadzenie dzia\u0142alno\u015bci gospodarczej lub kt\u00f3rych firmy istniej\u0105 na rynku nie d\u0142u\u017cej ni\u017c 2 lata. SIP jest cz\u0119\u015bci\u0105 projektu pn. &#8220;Skar\u017cyska Strefa Kreatywnego Biznesu&#8221;, wsp\u00f3\u0142finansowanego z Europejskiego Funduszu Rozwoju Regionalnego w [&hellip;]<\/p>\n","protected":false},"author":2,"featured_media":0,"parent":622,"menu_order":0,"comment_status":"closed","ping_status":"closed","template":"","meta":{"footnotes":""},"class_list":["post-1015","page","type-page","status-publish","hentry"],"_links":{"self":[{"href":"https:\/\/coi.skarzysko.pl\/www\/index.php\/wp-json\/wp\/v2\/pages\/1015","targetHints":{"allow":["GET"]}}],"collection":[{"href":"https:\/\/coi.skarzysko.pl\/www\/index.php\/wp-json\/wp\/v2\/pages"}],"about":[{"href":"https:\/\/coi.skarzysko.pl\/www\/index.php\/wp-json\/wp\/v2\/types\/page"}],"author":[{"embeddable":true,"href":"https:\/\/coi.skarzysko.pl\/www\/index.php\/wp-json\/wp\/v2\/users\/2"}],"replies":[{"embeddable":true,"href":"https:\/\/coi.skarzysko.pl\/www\/index.php\/wp-json\/wp\/v2\/comments?post=1015"}],"version-history":[{"count":8,"href":"https:\/\/coi.skarzysko.pl\/www\/index.php\/wp-json\/wp\/v2\/pages\/1015\/revisions"}],"predecessor-version":[{"id":1631,"href":"https:\/\/coi.skarzysko.pl\/www\/index.php\/wp-json\/wp\/v2\/pages\/1015\/revisions\/1631"}],"up":[{"embeddable":true,"href":"https:\/\/coi.skarzysko.pl\/www\/index.php\/wp-json\/wp\/v2\/pages\/622"}],"wp:attachment":[{"href":"https:\/\/coi.skarzysko.pl\/www\/index.php\/wp-json\/wp\/v2\/media?parent=1015"}],"curies":[{"name":"wp","href":"https:\/\/api.w.org\/{rel}","templated":true}]}}